{"id":20056,"date":"2022-02-03T10:00:54","date_gmt":"2022-02-03T07:00:54","guid":{"rendered":"https:\/\/lindblad.ee\/?page_id=20056"},"modified":"2023-08-03T16:35:58","modified_gmt":"2023-08-03T13:35:58","slug":"privaatsuspoliitika","status":"publish","type":"page","link":"https:\/\/lindblad.ee\/et\/privaatsuspoliitika\/","title":{"rendered":"Privaatsuspoliitika"},"content":{"rendered":"\t\t<div data-elementor-type=\"wp-page\" data-elementor-id=\"20056\" class=\"elementor elementor-20056 elementor-18644\">\n\t\t\t\t\t\t<section class=\"elementor-section elementor-top-section elementor-element elementor-element-6029e446 elementor-section-boxed elementor-section-height-default elementor-section-height-default sc_fly_static\" data-id=\"6029e446\" data-element_type=\"section\" data-settings=\"{&quot;background_background&quot;:&quot;classic&quot;}\">\n\t\t\t\t\t\t<div class=\"elementor-container elementor-column-gap-extended\">\n\t\t\t\t\t<div class=\"elementor-column elementor-col-100 elementor-top-column elementor-element elementor-element-4e116f82 sc_inner_width_none sc_content_align_inherit sc_layouts_column_icons_position_left sc_fly_static\" data-id=\"4e116f82\" data-element_type=\"column\">\n\t\t\t<div class=\"elementor-widget-wrap elementor-element-populated\">\n\t\t\t\t\t\t<div class=\"elementor-element elementor-element-15a651f6 sc_fly_static elementor-widget elementor-widget-text-editor\" data-id=\"15a651f6\" data-element_type=\"widget\" data-widget_type=\"text-editor.default\">\n\t\t\t\t<div class=\"elementor-widget-container\">\n\t\t\t\t\t\t\t<p>Lindblad O\u00dc on vo\u0303tnud endale kohustuse kaitsta klientide privaatsust. Firma tegevus internetis on koosko\u0303las ko\u0303igi asjakohaste tegevuste ja vastavate Euroopa Liidu o\u0303igusaktide ja Eesti Vabariigi seadustega.<\/p><h4>ISIKUANDMETE T\u00d6\u00d6TLEMINE<\/h4><p>Veebileht Lindblad.ee isikuandmete vastutav t\u00f6\u00f6tleja on Lindblad O\u00dc (registrikood 16380983) Harju maakond, Tallinn, Lasnam\u00e4e linnaosa, Suur-S\u00f5jam\u00e4e tn 35a, 11415, telefon <a href=\"tel:+37256032432\">+372 5603 2432<\/a> ja e-kiri <a href=\"mailto:info@lindblad.ee\">info@lindblad.ee<\/a>.<\/p><p>Lindblad O\u00dc on isikuandmete vastutav t\u00f6\u00f6tleja.<\/p><h4>MILLISEID ISIKUANDMEID T\u00d6\u00d6DELDAKSE<\/h4><p>Lindblad.ee veebileht t\u00f6\u00f6tleb j\u00e4rgnevaid isikuandmeid:<\/p><ul><li>nimi, telefoninumber ja e-posti aadress;<\/li><li>pealelaadimise aadress;<\/li><li>kohaletoimetamise aadress;<\/li><li>kauba kirjeldus;<\/li><\/ul><h4>MIS EESM\u00c4RGIL ISIKUANDMEID T\u00d6\u00d6DELDAKSE<\/h4><p>Lindblad O\u00dc on isikuandmete vastututav t\u00f6\u00f6tleja.<\/p><p>Isikuandmeid nagu e-post, telefoni nr, kliendi nimi, pealelaadimise aadress, kohaletoimetamise aadress, kauba kirjeldus t\u00f6\u00f6deldakse selleks, et lahendada teenuste osutamise seonduvaid k\u00fcsimusi (klienditugi).<\/p><p>Veebilehte kasutaja IP-aadressi v\u00f5i teisi v\u00f5rguidentifikaatoreid t\u00f6\u00f6deldakse veebilehte kui info\u00fchiskonna teenuse osutamiseks ning veebikasutusstatistika tegemiseks.<\/p><h4>\u00d5IGUSLIK ALUS<\/h4><p>Isikuandmete t\u00f6\u00f6tlemine toimub kliendiga s\u00f5lmitud lepingu t\u00e4itmise eesm\u00e4rgil.<\/p><p>Isikuandmete t\u00f6\u00f6tlemine toimub juriidilise kohustuse t\u00e4itmiseks (nt raamatupidamine ja tarbijavaidluste lahendamine).<\/p><h4>VASTUV\u00d5TJAD, KELLELE ISIKUANDMEID EDASTATAKSE<\/h4><p>Isikuandmed edastatakse veebilehte klienditoele p\u00e4ringu ja p\u00e4ringuloo haldamiseks ja kliendiprobleemide lahendamiseks.<\/p><p>Isikuandmeid v\u00f5idakse edastada infotehnoloogia teenuste pakkujatele, kui see on vajalik veebilehte funktsionaalsuse v\u00f5i andmemajutuse tagamiseks.<\/p><h4>TURVALISUS JA ANDMETELE LIGIP\u00c4\u00c4S<\/h4><p>Isikuandmeid hoitakse Zone Media O\u00dc serverites, mis asuvad Euroopa Liidu liikmesriigi v\u00f5i Euroopa Liidu majanduspiirkonnaga liitunud riikide territooriumil. Andmeid v\u00f5idakse edastada riikidesse, mille andmekaitse taset on Euroopa Komisjon hinnanud piisavaks ning USA ettev\u00f5tetele, kes on liitunud andmekaitse kilbi (Privacy Shield) raamistikuga.<\/p><p>Juurdep\u00e4\u00e4s isikuandmetele on veebilehte t\u00f6\u00f6tajatel, kes saavad isikuandmetega tutvuda selleks, et lahendada veebilehte kasutamisega seonduvaid tehnilisi k\u00fcsimusi ning osutada klienditoe teenust.<\/p><p>Veebileht rakendab asjakohaseid f\u00fc\u00fcsilisi, organisatsioonilisi ja infotehnilisi turvameetmeid, et kaitsta isikuandmeid juhusliku v\u00f5i ebaseadusliku h\u00e4vitamise, kaotsimineku, muutmise v\u00f5i loata juurdep\u00e4\u00e4su ja avalikustamise eest<\/p><h4>N\u00d5USOLEKU TAGASIV\u00d5TMINE<\/h4><p>Kui isikundmete t\u00f6\u00f6tlemine toimub kliendi n\u00f5usoleku alusel, siis on kliendil \u00f5igus n\u00f5usolek tagasi v\u00f5tta teavitades sellest kliendituge e-posti teel.<\/p><h4>S\u00c4ILITAMINE<\/h4><p>Veebipoe kliendikonto sulgemisel kustutatakse isikuandmed, va juhul kui selliseid andmeid on vaja s\u00e4ilitada raamatupidamise jaoks v\u00f5i tarbijavaidluste lahendamiseks.<\/p><p>Raamatupidamise jaoks vajalikud isikuandmed s\u00e4ilitatakse seitse aastat.<\/p><h4>KUSTUTAMINE<\/h4><p>Isikuandmete kustutamiseks tuleb v\u00f5tta \u00fchendust klienditoega e-posti teel. Kustutamistaotlusele vastatakse mitte hiljem kui kuu aja jooksul ning t\u00e4psustakse andmete kustutamise perioodi.<\/p><h4>\u00dcLEKANDMINE<\/h4><p>E-posti teel esitatud isikuandmete \u00fclekandmise taotlusele vastatakse hiljemalt kuu aja jooksul. Klienditugi tuvastab isikusamasuse ja teavitab isikuandmetest, mis kuuluvad \u00fclekandmisele.<\/p><h4>VAIDLUSTE LAHENDAMINE<\/h4><p>Isikuandmete t\u00f6\u00f6tlemisega seotud vaidluste lahendamine toimub klienditoe vahendusel e-posti teel<a href=\"mailto:info@lindblad.ee\"> info@lindblad.ee<\/a>. J\u00e4relevalveasutus on Eesti Andmekaitse Inspektsioon (<a href=\"mailto:info@aki.ee\">info@aki.ee<\/a>).<\/p>\t\t\t\t\t\t<\/div>\n\t\t\t\t<\/div>\n\t\t\t\t\t<\/div>\n\t\t<\/div>\n\t\t\t\t\t<\/div>\n\t\t<\/section>\n\t\t\t\t<section class=\"elementor-section elementor-top-section elementor-element elementor-element-2c234e11 elementor-section-boxed elementor-section-height-default elementor-section-height-default sc_fly_static\" data-id=\"2c234e11\" data-element_type=\"section\">\n\t\t\t\t\t\t<div class=\"elementor-container elementor-column-gap-extended\">\n\t\t\t\t\t<div class=\"elementor-column elementor-col-100 elementor-top-column elementor-element elementor-element-498f5063 sc_inner_width_none sc_content_align_inherit sc_layouts_column_icons_position_left sc_fly_static\" data-id=\"498f5063\" data-element_type=\"column\">\n\t\t\t<div class=\"elementor-widget-wrap elementor-element-populated\">\n\t\t\t\t\t\t<div class=\"elementor-element elementor-element-6c31373 sc_fly_static elementor-widget elementor-widget-spacer\" data-id=\"6c31373\" data-element_type=\"widget\" data-widget_type=\"spacer.default\">\n\t\t\t\t<div class=\"elementor-widget-container\">\n\t\t\t\t\t<div class=\"elementor-spacer\">\n\t\t\t<div class=\"elementor-spacer-inner\"><\/div>\n\t\t<\/div>\n\t\t\t\t<\/div>\n\t\t\t\t<\/div>\n\t\t\t\t\t<\/div>\n\t\t<\/div>\n\t\t\t\t\t<\/div>\n\t\t<\/section>\n\t\t\t\t<\/div>\n\t\t","protected":false},"excerpt":{"rendered":"","protected":false},"author":2,"featured_media":0,"parent":0,"menu_order":0,"comment_status":"closed","ping_status":"closed","template":"","meta":{"footnotes":""},"class_list":["post-20056","page","type-page","status-publish","hentry"],"yoast_head":"<!-- This site is optimized with the Yoast SEO plugin v21.1 - https:\/\/yoast.com\/wordpress\/plugins\/seo\/ -->\n<title>Privaatsuspoliitika - Lindblad<\/title>\n<meta name=\"robots\" content=\"index, follow, max-snippet:-1, max-image-preview:large, max-video-preview:-1\" \/>\n<link rel=\"canonical\" href=\"https:\/\/lindblad.ee\/et\/privaatsuspoliitika\/\" \/>\n<meta property=\"og:locale\" content=\"et_EE\" \/>\n<meta property=\"og:type\" content=\"article\" \/>\n<meta property=\"og:title\" content=\"Privaatsuspoliitika - Lindblad\" \/>\n<meta property=\"og:url\" content=\"https:\/\/lindblad.ee\/et\/privaatsuspoliitika\/\" \/>\n<meta property=\"og:site_name\" content=\"Lindblad\" \/>\n<meta property=\"article:modified_time\" content=\"2023-08-03T13:35:58+00:00\" \/>\n<meta name=\"twitter:card\" content=\"summary_large_image\" \/>\n<script type=\"application\/ld+json\" class=\"yoast-schema-graph\">{\"@context\":\"https:\/\/schema.org\",\"@graph\":[{\"@type\":\"WebPage\",\"@id\":\"https:\/\/lindblad.ee\/et\/privaatsuspoliitika\/\",\"url\":\"https:\/\/lindblad.ee\/et\/privaatsuspoliitika\/\",\"name\":\"Privaatsuspoliitika - Lindblad\",\"isPartOf\":{\"@id\":\"https:\/\/lindblad.ee\/et\/#website\"},\"datePublished\":\"2022-02-03T07:00:54+00:00\",\"dateModified\":\"2023-08-03T13:35:58+00:00\",\"breadcrumb\":{\"@id\":\"https:\/\/lindblad.ee\/et\/privaatsuspoliitika\/#breadcrumb\"},\"inLanguage\":\"et\",\"potentialAction\":[{\"@type\":\"ReadAction\",\"target\":[\"https:\/\/lindblad.ee\/et\/privaatsuspoliitika\/\"]}]},{\"@type\":\"BreadcrumbList\",\"@id\":\"https:\/\/lindblad.ee\/et\/privaatsuspoliitika\/#breadcrumb\",\"itemListElement\":[{\"@type\":\"ListItem\",\"position\":1,\"name\":\"\u0413\u043b\u0430\u0432\u043d\u0430\u044f \u0441\u0442\u0440\u0430\u043d\u0438\u0446\u0430\",\"item\":\"https:\/\/lindblad.ee\/et\/\"},{\"@type\":\"ListItem\",\"position\":2,\"name\":\"Privaatsuspoliitika\"}]},{\"@type\":\"WebSite\",\"@id\":\"https:\/\/lindblad.ee\/et\/#website\",\"url\":\"https:\/\/lindblad.ee\/et\/\",\"name\":\"Lindblad\",\"description\":\"Ekspert transpordi valdkonnas\",\"publisher\":{\"@id\":\"https:\/\/lindblad.ee\/et\/#organization\"},\"potentialAction\":[{\"@type\":\"SearchAction\",\"target\":{\"@type\":\"EntryPoint\",\"urlTemplate\":\"https:\/\/lindblad.ee\/et\/?s={search_term_string}\"},\"query-input\":\"required name=search_term_string\"}],\"inLanguage\":\"et\"},{\"@type\":\"Organization\",\"@id\":\"https:\/\/lindblad.ee\/et\/#organization\",\"name\":\"Lindblad\",\"url\":\"https:\/\/lindblad.ee\/et\/\",\"logo\":{\"@type\":\"ImageObject\",\"inLanguage\":\"et\",\"@id\":\"https:\/\/lindblad.ee\/et\/#\/schema\/logo\/image\/\",\"url\":\"https:\/\/lindblad.ee\/wp-content\/uploads\/2023\/07\/logo-dark.svg\",\"contentUrl\":\"https:\/\/lindblad.ee\/wp-content\/uploads\/2023\/07\/logo-dark.svg\",\"width\":430,\"height\":78,\"caption\":\"Lindblad\"},\"image\":{\"@id\":\"https:\/\/lindblad.ee\/et\/#\/schema\/logo\/image\/\"}}]}<\/script>\n<!-- \/ Yoast SEO plugin. -->","yoast_head_json":{"title":"Privaatsuspoliitika - Lindblad","robots":{"index":"index","follow":"follow","max-snippet":"max-snippet:-1","max-image-preview":"max-image-preview:large","max-video-preview":"max-video-preview:-1"},"canonical":"https:\/\/lindblad.ee\/et\/privaatsuspoliitika\/","og_locale":"et_EE","og_type":"article","og_title":"Privaatsuspoliitika - Lindblad","og_url":"https:\/\/lindblad.ee\/et\/privaatsuspoliitika\/","og_site_name":"Lindblad","article_modified_time":"2023-08-03T13:35:58+00:00","twitter_card":"summary_large_image","schema":{"@context":"https:\/\/schema.org","@graph":[{"@type":"WebPage","@id":"https:\/\/lindblad.ee\/et\/privaatsuspoliitika\/","url":"https:\/\/lindblad.ee\/et\/privaatsuspoliitika\/","name":"Privaatsuspoliitika - Lindblad","isPartOf":{"@id":"https:\/\/lindblad.ee\/et\/#website"},"datePublished":"2022-02-03T07:00:54+00:00","dateModified":"2023-08-03T13:35:58+00:00","breadcrumb":{"@id":"https:\/\/lindblad.ee\/et\/privaatsuspoliitika\/#breadcrumb"},"inLanguage":"et","potentialAction":[{"@type":"ReadAction","target":["https:\/\/lindblad.ee\/et\/privaatsuspoliitika\/"]}]},{"@type":"BreadcrumbList","@id":"https:\/\/lindblad.ee\/et\/privaatsuspoliitika\/#breadcrumb","itemListElement":[{"@type":"ListItem","position":1,"name":"\u0413\u043b\u0430\u0432\u043d\u0430\u044f \u0441\u0442\u0440\u0430\u043d\u0438\u0446\u0430","item":"https:\/\/lindblad.ee\/et\/"},{"@type":"ListItem","position":2,"name":"Privaatsuspoliitika"}]},{"@type":"WebSite","@id":"https:\/\/lindblad.ee\/et\/#website","url":"https:\/\/lindblad.ee\/et\/","name":"Lindblad","description":"Ekspert transpordi valdkonnas","publisher":{"@id":"https:\/\/lindblad.ee\/et\/#organization"},"potentialAction":[{"@type":"SearchAction","target":{"@type":"EntryPoint","urlTemplate":"https:\/\/lindblad.ee\/et\/?s={search_term_string}"},"query-input":"required name=search_term_string"}],"inLanguage":"et"},{"@type":"Organization","@id":"https:\/\/lindblad.ee\/et\/#organization","name":"Lindblad","url":"https:\/\/lindblad.ee\/et\/","logo":{"@type":"ImageObject","inLanguage":"et","@id":"https:\/\/lindblad.ee\/et\/#\/schema\/logo\/image\/","url":"https:\/\/lindblad.ee\/wp-content\/uploads\/2023\/07\/logo-dark.svg","contentUrl":"https:\/\/lindblad.ee\/wp-content\/uploads\/2023\/07\/logo-dark.svg","width":430,"height":78,"caption":"Lindblad"},"image":{"@id":"https:\/\/lindblad.ee\/et\/#\/schema\/logo\/image\/"}}]}},"_links":{"self":[{"href":"https:\/\/lindblad.ee\/et\/wp-json\/wp\/v2\/pages\/20056"}],"collection":[{"href":"https:\/\/lindblad.ee\/et\/wp-json\/wp\/v2\/pages"}],"about":[{"href":"https:\/\/lindblad.ee\/et\/wp-json\/wp\/v2\/types\/page"}],"author":[{"embeddable":true,"href":"https:\/\/lindblad.ee\/et\/wp-json\/wp\/v2\/users\/2"}],"replies":[{"embeddable":true,"href":"https:\/\/lindblad.ee\/et\/wp-json\/wp\/v2\/comments?post=20056"}],"version-history":[{"count":1,"href":"https:\/\/lindblad.ee\/et\/wp-json\/wp\/v2\/pages\/20056\/revisions"}],"predecessor-version":[{"id":20057,"href":"https:\/\/lindblad.ee\/et\/wp-json\/wp\/v2\/pages\/20056\/revisions\/20057"}],"wp:attachment":[{"href":"https:\/\/lindblad.ee\/et\/wp-json\/wp\/v2\/media?parent=20056"}],"curies":[{"name":"wp","href":"https:\/\/api.w.org\/{rel}","templated":true}]}}