{"id":19791,"date":"2023-07-20T14:10:01","date_gmt":"2023-07-20T11:10:01","guid":{"rendered":"https:\/\/lindblad.ee\/?page_id=19791"},"modified":"2023-08-02T13:01:37","modified_gmt":"2023-08-02T10:01:37","slug":"hinnaparing","status":"publish","type":"page","link":"https:\/\/lindblad.ee\/et\/hinnaparing\/","title":{"rendered":"Hinnap\u00e4ring"},"content":{"rendered":"\t\t<div data-elementor-type=\"wp-page\" data-elementor-id=\"19791\" class=\"elementor elementor-19791 elementor-19503\">\n\t\t\t\t\t\t<section class=\"elementor-section elementor-top-section elementor-element elementor-element-2a8920da elementor-section-boxed elementor-section-height-default elementor-section-height-default sc_fly_static\" data-id=\"2a8920da\" data-element_type=\"section\">\n\t\t\t\t\t\t<div class=\"elementor-container elementor-column-gap-no\">\n\t\t\t\t\t<div class=\"elementor-column elementor-col-100 elementor-top-column elementor-element elementor-element-22c4851b sc_inner_width_none sc_content_align_inherit sc_layouts_column_icons_position_left sc_fly_static\" data-id=\"22c4851b\" data-element_type=\"column\">\n\t\t\t<div class=\"elementor-widget-wrap elementor-element-populated\">\n\t\t\t\t\t\t<div class=\"elementor-element elementor-element-2626734d sc_height_huge sc_fly_static elementor-widget elementor-widget-spacer\" data-id=\"2626734d\" data-element_type=\"widget\" data-widget_type=\"spacer.default\">\n\t\t\t\t<div class=\"elementor-widget-container\">\n\t\t\t\t\t<div class=\"elementor-spacer\">\n\t\t\t<div class=\"elementor-spacer-inner\"><\/div>\n\t\t<\/div>\n\t\t\t\t<\/div>\n\t\t\t\t<\/div>\n\t\t\t\t\t<\/div>\n\t\t<\/div>\n\t\t\t\t\t<\/div>\n\t\t<\/section>\n\t\t\t\t<section class=\"elementor-section elementor-inner-section elementor-element elementor-element-c2514d elementor-section-boxed elementor-section-height-default elementor-section-height-default sc_fly_static\" data-id=\"c2514d\" data-element_type=\"section\">\n\t\t\t\t\t\t<div class=\"elementor-container elementor-column-gap-no\">\n\t\t\t\t\t<div class=\"elementor-column elementor-col-50 elementor-inner-column elementor-element elementor-element-5d2f5b8b sc_inner_width_none sc_content_align_inherit sc_layouts_column_icons_position_left sc_fly_static\" data-id=\"5d2f5b8b\" data-element_type=\"column\">\n\t\t\t<div class=\"elementor-widget-wrap elementor-element-populated\">\n\t\t\t\t\t\t<div class=\"elementor-element elementor-element-79a98be3 sc_fly_static elementor-widget elementor-widget-trx_sc_title\" data-id=\"79a98be3\" data-element_type=\"widget\" data-widget_type=\"trx_sc_title.default\">\n\t\t\t\t<div class=\"elementor-widget-container\">\n\t\t\t<div\t\tclass=\"sc_title sc_title_default\" ><h1 class=\"sc_item_title sc_title_title sc_item_title_style_default sc_item_title_tag\"\n\t\t\t><span class=\"sc_item_title_text\">Logistikateenuste hinnap\u00e4ring<\/span><\/h1><div class=\"sc_item_descr sc_title_descr\"><p>Oleme r\u00f5\u00f5msad, et saame pakkuda teile meie professionaalseid ja individuaalseid lahendusi logistika valdkonnas. S\u00f5ltumata sellest, kas vajate raudteetransporti, autoveo, merevedusid v\u00f5i ladustamisteenuseid, on meie ekspertide meeskond valmis pakkuma teile optimaalseid lahendusi, mis vastavad teie ainulaadsetele vajadustele.<\/p>\n<p>Isikup\u00e4rastatud pakkumise saamiseks ja meie konkurentsiv\u00f5imeliste hindade kohta lisateabe saamiseks palun t\u00e4itke allpool toodud vorm oma kontaktandmete ja p\u00f5hilise teabega teie kauba v\u00f5i logistikap\u00e4ringu kohta.<\/p>\n<\/div><\/div>\t\t<\/div>\n\t\t\t\t<\/div>\n\t\t\t\t<div class=\"elementor-element elementor-element-bf6342d sc_fly_static elementor-widget elementor-widget-spacer\" data-id=\"bf6342d\" data-element_type=\"widget\" data-widget_type=\"spacer.default\">\n\t\t\t\t<div class=\"elementor-widget-container\">\n\t\t\t\t\t<div class=\"elementor-spacer\">\n\t\t\t<div class=\"elementor-spacer-inner\"><\/div>\n\t\t<\/div>\n\t\t\t\t<\/div>\n\t\t\t\t<\/div>\n\t\t\t\t<div class=\"elementor-element elementor-element-2a0658b4 sc_fly_static elementor-widget elementor-widget-trx_sc_icons\" data-id=\"2a0658b4\" data-element_type=\"widget\" data-widget_type=\"trx_sc_icons.default\">\n\t\t\t\t<div class=\"elementor-widget-container\">\n\t\t\t<div \tclass=\"sc_icons sc_icons_simple sc_icons_size_small sc_align_none\" ><div class=\"sc_icons_item sc_icons_item_linked\"><div class=\"sc_icons_icon sc_icon_type_ icon-pin-1\" style=\"color: #2F39D3\" ><span class=\"sc_icon_type_ icon-pin-1\" style=\"color: #2F39D3\"><\/span><\/div><div class=\"sc_icons_item_details\"><div class=\"sc_icons_item_description\"><span>Suur-S\u00f5jam\u00e4e tn 35a, 11415 Tallinn, Estonia<\/span><\/div><a href=\"https:\/\/goo.gl\/maps\/VK9WfHsr2q8mCKki6\"\n                        class=\"sc_icons_item_link\">\n                        <\/a><\/div><\/div><div class=\"sc_icons_item sc_icons_item_linked with_more\"><div class=\"sc_icons_icon sc_icon_type_ icon-smartphone-1\" style=\"color: #2F39D3\" ><span class=\"sc_icon_type_ icon-smartphone-1\" style=\"color: #2F39D3\"><\/span><\/div><div class=\"sc_icons_item_details\"><a href=\"tel:+37256032432\" class=\"sc_icons_item_more_link\">\n                        <span class=\"link_text\">+372 5603 2432<\/span><span class=\"link_icon\"><\/span>\n                        <\/a><a href=\"tel:+37256032432\"\n                        class=\"sc_icons_item_link\">\n                        <\/a><\/div><\/div><div class=\"sc_icons_item\"><div class=\"sc_icons_icon sc_icon_type_ icon-email-3\" style=\"color: #2F39D3\" ><span class=\"sc_icon_type_ icon-email-3\" style=\"color: #2F39D3\"><\/span><\/div><div class=\"sc_icons_item_details\"><div class=\"sc_icons_item_description\"><span><a href=\"mailto:info@lindblad.ee\">info@lindblad.ee<\/a><\/span><\/div><\/div><\/div><\/div><!-- \/.sc_icons -->\t\t<\/div>\n\t\t\t\t<\/div>\n\t\t\t\t\t<\/div>\n\t\t<\/div>\n\t\t\t\t<div class=\"elementor-column elementor-col-50 elementor-inner-column elementor-element elementor-element-6a2d3620 sc_inner_width_none sc_content_align_inherit sc_layouts_column_icons_position_left sc_fly_static\" data-id=\"6a2d3620\" data-element_type=\"column\">\n\t\t\t<div class=\"elementor-widget-wrap elementor-element-populated\">\n\t\t\t\t\t\t<div class=\"elementor-element elementor-element-1410e002 sc_fly_static elementor-widget elementor-widget-spacer\" data-id=\"1410e002\" data-element_type=\"widget\" data-widget_type=\"spacer.default\">\n\t\t\t\t<div class=\"elementor-widget-container\">\n\t\t\t\t\t<div class=\"elementor-spacer\">\n\t\t\t<div class=\"elementor-spacer-inner\"><\/div>\n\t\t<\/div>\n\t\t\t\t<\/div>\n\t\t\t\t<\/div>\n\t\t\t\t<div class=\"elementor-element elementor-element-5b336708 sc_fly_static elementor-widget elementor-widget-trx_sc_contact_form_7\" data-id=\"5b336708\" data-element_type=\"widget\" data-widget_type=\"trx_sc_contact_form_7.default\">\n\t\t\t\t<div class=\"elementor-widget-container\">\n\t\t\t\n<div class=\"wpcf7 no-js\" id=\"wpcf7-f19883-o1\" lang=\"et\" dir=\"ltr\">\n<div class=\"screen-reader-response\"><p role=\"status\" aria-live=\"polite\" aria-atomic=\"true\"><\/p> <ul><\/ul><\/div>\n<form action=\"\/et\/wp-json\/wp\/v2\/pages\/19791#wpcf7-f19883-o1\" method=\"post\" class=\"wpcf7-form init\" aria-label=\"Contact form\" novalidate=\"novalidate\" data-status=\"init\">\n<div style=\"display: none;\">\n<input type=\"hidden\" name=\"_wpcf7\" value=\"19883\" \/>\n<input type=\"hidden\" name=\"_wpcf7_version\" value=\"5.9.8\" \/>\n<input type=\"hidden\" name=\"_wpcf7_locale\" value=\"et\" \/>\n<input type=\"hidden\" name=\"_wpcf7_unit_tag\" value=\"wpcf7-f19883-o1\" \/>\n<input type=\"hidden\" name=\"_wpcf7_container_post\" value=\"0\" \/>\n<input type=\"hidden\" name=\"_wpcf7_posted_data_hash\" value=\"\" \/>\n<input type=\"hidden\" name=\"_wpcf7_recaptcha_response\" value=\"\" \/>\n<\/div>\n<div class=\"form-style-7\">\n\t<div class=\"columns_wrap\">\n\t\t<div class=\"column-1_1\">\n\t\t\t<p><label style=\"padding-bottom:20px;\">Valige teenus<\/label><span class=\"style-line no-linee\" style=\"margin-top:15px;\"><span class=\"wpcf7-form-control-wrap\" data-name=\"checkbox-564\"><span class=\"wpcf7-form-control wpcf7-checkbox wpcf7-validates-as-required\"><span class=\"wpcf7-list-item first\"><label><input type=\"checkbox\" name=\"checkbox-564[]\" value=\"\u00d5huveod\" \/><span class=\"wpcf7-list-item-label\">\u00d5huveod<\/span><\/label><\/span><span class=\"wpcf7-list-item\"><label><input type=\"checkbox\" name=\"checkbox-564[]\" value=\"Autoveod\" \/><span class=\"wpcf7-list-item-label\">Autoveod<\/span><\/label><\/span><span class=\"wpcf7-list-item\"><label><input type=\"checkbox\" name=\"checkbox-564[]\" value=\"Konsolideeritud kaupade vedu\" \/><span class=\"wpcf7-list-item-label\">Konsolideeritud kaupade vedu<\/span><\/label><\/span><span class=\"wpcf7-list-item\"><label><input type=\"checkbox\" name=\"checkbox-564[]\" value=\"Raudteeveod\" \/><span class=\"wpcf7-list-item-label\">Raudteeveod<\/span><\/label><\/span><span class=\"wpcf7-list-item\"><label><input type=\"checkbox\" name=\"checkbox-564[]\" value=\"Konteinerveod\" \/><span class=\"wpcf7-list-item-label\">Konteinerveod<\/span><\/label><\/span><span class=\"wpcf7-list-item\"><label><input type=\"checkbox\" name=\"checkbox-564[]\" value=\"Laoteenused\" \/><span class=\"wpcf7-list-item-label\">Laoteenused<\/span><\/label><\/span><span class=\"wpcf7-list-item last\"><label><input type=\"checkbox\" name=\"checkbox-564[]\" value=\"Tollivormistus\" \/><span class=\"wpcf7-list-item-label\">Tollivormistus<\/span><\/label><\/span><\/span><\/span><\/span>\n\t\t\t<\/p>\n\t\t<\/div>\n\t<\/div>\n\t<div class=\"columns_wrap\">\n\t\t<div class=\"column-1_2\">\n\t\t\t<p><span class=\"style-line\"><span class=\"wpcf7-form-control-wrap\" data-name=\"your-name\"><input size=\"40\" maxlength=\"400\" class=\"wpcf7-form-control wpcf7-text wpcf7-validates-as-required\" aria-required=\"true\" aria-invalid=\"false\" placeholder=\"Nimi ja perekonnanimi\" value=\"\" type=\"text\" name=\"your-name\" \/><\/span><\/span>\n\t\t\t<\/p>\n\t\t<\/div>\n\t\t<div class=\"column-1_2\">\n\t\t\t<p><span class=\"style-line\"><span class=\"wpcf7-form-control-wrap\" data-name=\"your-email\"><input size=\"40\" maxlength=\"400\" class=\"wpcf7-form-control wpcf7-email wpcf7-validates-as-required wpcf7-text wpcf7-validates-as-email\" aria-required=\"true\" aria-invalid=\"false\" placeholder=\"E-post\" value=\"\" type=\"email\" name=\"your-email\" \/><\/span><\/span>\n\t\t\t<\/p>\n\t\t<\/div>\n\t<\/div>\n\t<div class=\"columns_wrap\">\n\t\t<div class=\"column-1_2\">\n\t\t\t<p><span class=\"style-line\"><span class=\"wpcf7-form-control-wrap\" data-name=\"phone\"><input size=\"40\" maxlength=\"400\" class=\"wpcf7-form-control wpcf7-tel wpcf7-validates-as-required wpcf7-text wpcf7-validates-as-tel\" aria-required=\"true\" aria-invalid=\"false\" placeholder=\"Telefon\" value=\"\" type=\"tel\" name=\"phone\" \/><\/span><\/span>\n\t\t\t<\/p>\n\t\t<\/div>\n\t\t<div class=\"column-1_2\">\n\t\t\t<p><span class=\"style-line\"><span class=\"wpcf7-form-control-wrap\" data-name=\"har-gruza\"><input size=\"40\" maxlength=\"400\" class=\"wpcf7-form-control wpcf7-text wpcf7-validates-as-required\" aria-required=\"true\" aria-invalid=\"false\" placeholder=\"Kauba iseloom (kaal, kogus)\" value=\"\" type=\"text\" name=\"har-gruza\" \/><\/span><\/span>\n\t\t\t<\/p>\n\t\t<\/div>\n\t<\/div>\n\t<div class=\"columns_wrap\">\n\t\t<div class=\"column-1_2\">\n\t\t\t<p><span class=\"style-line\"><span class=\"wpcf7-form-control-wrap\" data-name=\"strana-otprav\"><input size=\"40\" maxlength=\"400\" class=\"wpcf7-form-control wpcf7-text wpcf7-validates-as-required\" aria-required=\"true\" aria-invalid=\"false\" placeholder=\"L\u00e4htemaa\" value=\"\" type=\"text\" name=\"strana-otprav\" \/><\/span><\/span>\n\t\t\t<\/p>\n\t\t<\/div>\n\t\t<div class=\"column-1_2\">\n\t\t\t<p><span class=\"style-line\"><span class=\"wpcf7-form-control-wrap\" data-name=\"strana-dostav\"><input size=\"40\" maxlength=\"400\" class=\"wpcf7-form-control wpcf7-text wpcf7-validates-as-required\" aria-required=\"true\" aria-invalid=\"false\" placeholder=\"Saabumismaa\" value=\"\" type=\"text\" name=\"strana-dostav\" \/><\/span><\/span>\n\t\t\t<\/p>\n\t\t<\/div>\n\t<\/div>\n\t<div class=\"columns_wrap margin-bottom\">\n\t\t<div class=\"column-1_1\">\n\t\t\t<p><span class=\"style-line\"><span class=\"wpcf7-form-control-wrap\" data-name=\"your-message\"><textarea cols=\"40\" rows=\"10\" maxlength=\"2000\" class=\"wpcf7-form-control wpcf7-textarea wpcf7-validates-as-required\" aria-required=\"true\" aria-invalid=\"false\" placeholder=\"Lisainfo\" name=\"your-message\"><\/textarea><\/span><\/span>\n\t\t\t<\/p>\n\t\t<\/div>\n\t<\/div>\n\t<div class=\"columns_wrap\">\n\t\t<div class=\"column-1_2 left-politik\">\n\t\t\t<p><input class=\"wpcf7-form-control wpcf7-submit has-spinner\" type=\"submit\" value=\"Saada\" \/>\n\t\t\t<\/p>\n\t\t<\/div>\n\t\t<div class=\"column-1_2 right-politik\">\n\t\t\t<p><span class=\"wpcf7-form-control-wrap\" data-name=\"acceptance\"><span class=\"wpcf7-form-control wpcf7-acceptance\"><span class=\"wpcf7-list-item\"><label><input type=\"checkbox\" name=\"acceptance\" value=\"1\" aria-invalid=\"false\" \/><span class=\"wpcf7-list-item-label\">Ma n\u00f5ustun <a href=\"https:\/\/lindblad.ee\/et\/privaatsuspoliitika\/\">privaatsuspoliitikaga<\/a>.<\/span><\/label><\/span><\/span><\/span>\n\t\t\t<\/p>\n\t\t<\/div>\n\t<\/div>\n<\/div><p style=\"display: none !important;\" class=\"akismet-fields-container\" data-prefix=\"_wpcf7_ak_\"><label>&#916;<textarea name=\"_wpcf7_ak_hp_textarea\" cols=\"45\" rows=\"8\" maxlength=\"100\"><\/textarea><\/label><input type=\"hidden\" id=\"ak_js_1\" name=\"_wpcf7_ak_js\" value=\"116\"\/><script>document.getElementById( \"ak_js_1\" ).setAttribute( \"value\", ( new Date() ).getTime() );<\/script><\/p><div class=\"wpcf7-response-output\" aria-hidden=\"true\"><\/div>\n<\/form>\n<\/div>\n\t\t<\/div>\n\t\t\t\t<\/div>\n\t\t\t\t\t<\/div>\n\t\t<\/div>\n\t\t\t\t\t<\/div>\n\t\t<\/section>\n\t\t\t\t<section class=\"elementor-section elementor-top-section elementor-element elementor-element-40a021cc elementor-section-full_width elementor-section-height-default elementor-section-height-default sc_fly_static\" data-id=\"40a021cc\" data-element_type=\"section\">\n\t\t\t\t\t\t<div class=\"elementor-container elementor-column-gap-no\">\n\t\t\t\t\t<div class=\"elementor-column elementor-col-100 elementor-top-column elementor-element elementor-element-5db39c92 sc_inner_width_none sc_content_align_inherit sc_layouts_column_icons_position_left sc_fly_static\" data-id=\"5db39c92\" data-element_type=\"column\">\n\t\t\t<div class=\"elementor-widget-wrap elementor-element-populated\">\n\t\t\t\t\t\t<div class=\"elementor-element elementor-element-1e01dada sc_height_huge sc_fly_static elementor-widget elementor-widget-spacer\" data-id=\"1e01dada\" data-element_type=\"widget\" data-widget_type=\"spacer.default\">\n\t\t\t\t<div class=\"elementor-widget-container\">\n\t\t\t\t\t<div class=\"elementor-spacer\">\n\t\t\t<div class=\"elementor-spacer-inner\"><\/div>\n\t\t<\/div>\n\t\t\t\t<\/div>\n\t\t\t\t<\/div>\n\t\t\t\t\t<\/div>\n\t\t<\/div>\n\t\t\t\t\t<\/div>\n\t\t<\/section>\n\t\t\t\t<\/div>\n\t\t","protected":false},"excerpt":{"rendered":"<p>Logistikateenuste hinnap\u00e4ring Oleme r\u00f5\u00f5msad, et saame pakkuda teile meie professionaalseid ja individuaalseid lahendusi logistika valdkonnas. S\u00f5ltumata sellest, kas vajate raudteetransporti, autoveo, merevedusid v\u00f5i ladustamisteenuseid, on meie ekspertide meeskond valmis pakkuma&hellip;<\/p>\n","protected":false},"author":2,"featured_media":19614,"parent":0,"menu_order":0,"comment_status":"closed","ping_status":"closed","template":"","meta":{"footnotes":""},"class_list":["post-19791","page","type-page","status-publish","has-post-thumbnail","hentry"],"yoast_head":"<!-- This site is optimized with the Yoast SEO plugin v21.1 - https:\/\/yoast.com\/wordpress\/plugins\/seo\/ -->\n<title>Hinnap\u00e4ring - Lindblad<\/title>\n<meta name=\"robots\" content=\"index, follow, max-snippet:-1, max-image-preview:large, max-video-preview:-1\" \/>\n<link rel=\"canonical\" href=\"https:\/\/lindblad.ee\/et\/hinnaparing\/\" \/>\n<meta property=\"og:locale\" content=\"et_EE\" \/>\n<meta property=\"og:type\" content=\"article\" \/>\n<meta property=\"og:title\" content=\"Hinnap\u00e4ring - Lindblad\" \/>\n<meta property=\"og:description\" content=\"Logistikateenuste hinnap\u00e4ring Oleme r\u00f5\u00f5msad, et saame pakkuda teile meie professionaalseid ja individuaalseid lahendusi logistika valdkonnas. S\u00f5ltumata sellest, kas vajate raudteetransporti, autoveo, merevedusid v\u00f5i ladustamisteenuseid, on meie ekspertide meeskond valmis pakkuma&hellip;\" \/>\n<meta property=\"og:url\" content=\"https:\/\/lindblad.ee\/et\/hinnaparing\/\" \/>\n<meta property=\"og:site_name\" content=\"Lindblad\" \/>\n<meta property=\"article:modified_time\" content=\"2023-08-02T10:01:37+00:00\" \/>\n<meta property=\"og:image\" content=\"https:\/\/lindblad.ee\/wp-content\/uploads\/2023\/08\/kontakti.jpg\" \/>\n\t<meta property=\"og:image:width\" content=\"700\" \/>\n\t<meta property=\"og:image:height\" content=\"520\" \/>\n\t<meta property=\"og:image:type\" content=\"image\/jpeg\" \/>\n<meta name=\"twitter:card\" content=\"summary_large_image\" \/>\n<script type=\"application\/ld+json\" class=\"yoast-schema-graph\">{\"@context\":\"https:\/\/schema.org\",\"@graph\":[{\"@type\":\"WebPage\",\"@id\":\"https:\/\/lindblad.ee\/et\/hinnaparing\/\",\"url\":\"https:\/\/lindblad.ee\/et\/hinnaparing\/\",\"name\":\"Hinnap\u00e4ring - Lindblad\",\"isPartOf\":{\"@id\":\"https:\/\/lindblad.ee\/et\/#website\"},\"datePublished\":\"2023-07-20T11:10:01+00:00\",\"dateModified\":\"2023-08-02T10:01:37+00:00\",\"breadcrumb\":{\"@id\":\"https:\/\/lindblad.ee\/et\/hinnaparing\/#breadcrumb\"},\"inLanguage\":\"et\",\"potentialAction\":[{\"@type\":\"ReadAction\",\"target\":[\"https:\/\/lindblad.ee\/et\/hinnaparing\/\"]}]},{\"@type\":\"BreadcrumbList\",\"@id\":\"https:\/\/lindblad.ee\/et\/hinnaparing\/#breadcrumb\",\"itemListElement\":[{\"@type\":\"ListItem\",\"position\":1,\"name\":\"\u0413\u043b\u0430\u0432\u043d\u0430\u044f \u0441\u0442\u0440\u0430\u043d\u0438\u0446\u0430\",\"item\":\"https:\/\/lindblad.ee\/et\/\"},{\"@type\":\"ListItem\",\"position\":2,\"name\":\"Hinnap\u00e4ring\"}]},{\"@type\":\"WebSite\",\"@id\":\"https:\/\/lindblad.ee\/et\/#website\",\"url\":\"https:\/\/lindblad.ee\/et\/\",\"name\":\"Lindblad\",\"description\":\"Ekspert transpordi valdkonnas\",\"publisher\":{\"@id\":\"https:\/\/lindblad.ee\/et\/#organization\"},\"potentialAction\":[{\"@type\":\"SearchAction\",\"target\":{\"@type\":\"EntryPoint\",\"urlTemplate\":\"https:\/\/lindblad.ee\/et\/?s={search_term_string}\"},\"query-input\":\"required name=search_term_string\"}],\"inLanguage\":\"et\"},{\"@type\":\"Organization\",\"@id\":\"https:\/\/lindblad.ee\/et\/#organization\",\"name\":\"Lindblad\",\"url\":\"https:\/\/lindblad.ee\/et\/\",\"logo\":{\"@type\":\"ImageObject\",\"inLanguage\":\"et\",\"@id\":\"https:\/\/lindblad.ee\/et\/#\/schema\/logo\/image\/\",\"url\":\"https:\/\/lindblad.ee\/wp-content\/uploads\/2023\/07\/logo-dark.svg\",\"contentUrl\":\"https:\/\/lindblad.ee\/wp-content\/uploads\/2023\/07\/logo-dark.svg\",\"width\":430,\"height\":78,\"caption\":\"Lindblad\"},\"image\":{\"@id\":\"https:\/\/lindblad.ee\/et\/#\/schema\/logo\/image\/\"}}]}<\/script>\n<!-- \/ Yoast SEO plugin. -->","yoast_head_json":{"title":"Hinnap\u00e4ring - Lindblad","robots":{"index":"index","follow":"follow","max-snippet":"max-snippet:-1","max-image-preview":"max-image-preview:large","max-video-preview":"max-video-preview:-1"},"canonical":"https:\/\/lindblad.ee\/et\/hinnaparing\/","og_locale":"et_EE","og_type":"article","og_title":"Hinnap\u00e4ring - Lindblad","og_description":"Logistikateenuste hinnap\u00e4ring Oleme r\u00f5\u00f5msad, et saame pakkuda teile meie professionaalseid ja individuaalseid lahendusi logistika valdkonnas. S\u00f5ltumata sellest, kas vajate raudteetransporti, autoveo, merevedusid v\u00f5i ladustamisteenuseid, on meie ekspertide meeskond valmis pakkuma&hellip;","og_url":"https:\/\/lindblad.ee\/et\/hinnaparing\/","og_site_name":"Lindblad","article_modified_time":"2023-08-02T10:01:37+00:00","og_image":[{"width":700,"height":520,"url":"https:\/\/lindblad.ee\/wp-content\/uploads\/2023\/08\/kontakti.jpg","type":"image\/jpeg"}],"twitter_card":"summary_large_image","schema":{"@context":"https:\/\/schema.org","@graph":[{"@type":"WebPage","@id":"https:\/\/lindblad.ee\/et\/hinnaparing\/","url":"https:\/\/lindblad.ee\/et\/hinnaparing\/","name":"Hinnap\u00e4ring - Lindblad","isPartOf":{"@id":"https:\/\/lindblad.ee\/et\/#website"},"datePublished":"2023-07-20T11:10:01+00:00","dateModified":"2023-08-02T10:01:37+00:00","breadcrumb":{"@id":"https:\/\/lindblad.ee\/et\/hinnaparing\/#breadcrumb"},"inLanguage":"et","potentialAction":[{"@type":"ReadAction","target":["https:\/\/lindblad.ee\/et\/hinnaparing\/"]}]},{"@type":"BreadcrumbList","@id":"https:\/\/lindblad.ee\/et\/hinnaparing\/#breadcrumb","itemListElement":[{"@type":"ListItem","position":1,"name":"\u0413\u043b\u0430\u0432\u043d\u0430\u044f \u0441\u0442\u0440\u0430\u043d\u0438\u0446\u0430","item":"https:\/\/lindblad.ee\/et\/"},{"@type":"ListItem","position":2,"name":"Hinnap\u00e4ring"}]},{"@type":"WebSite","@id":"https:\/\/lindblad.ee\/et\/#website","url":"https:\/\/lindblad.ee\/et\/","name":"Lindblad","description":"Ekspert transpordi valdkonnas","publisher":{"@id":"https:\/\/lindblad.ee\/et\/#organization"},"potentialAction":[{"@type":"SearchAction","target":{"@type":"EntryPoint","urlTemplate":"https:\/\/lindblad.ee\/et\/?s={search_term_string}"},"query-input":"required name=search_term_string"}],"inLanguage":"et"},{"@type":"Organization","@id":"https:\/\/lindblad.ee\/et\/#organization","name":"Lindblad","url":"https:\/\/lindblad.ee\/et\/","logo":{"@type":"ImageObject","inLanguage":"et","@id":"https:\/\/lindblad.ee\/et\/#\/schema\/logo\/image\/","url":"https:\/\/lindblad.ee\/wp-content\/uploads\/2023\/07\/logo-dark.svg","contentUrl":"https:\/\/lindblad.ee\/wp-content\/uploads\/2023\/07\/logo-dark.svg","width":430,"height":78,"caption":"Lindblad"},"image":{"@id":"https:\/\/lindblad.ee\/et\/#\/schema\/logo\/image\/"}}]}},"_links":{"self":[{"href":"https:\/\/lindblad.ee\/et\/wp-json\/wp\/v2\/pages\/19791"}],"collection":[{"href":"https:\/\/lindblad.ee\/et\/wp-json\/wp\/v2\/pages"}],"about":[{"href":"https:\/\/lindblad.ee\/et\/wp-json\/wp\/v2\/types\/page"}],"author":[{"embeddable":true,"href":"https:\/\/lindblad.ee\/et\/wp-json\/wp\/v2\/users\/2"}],"replies":[{"embeddable":true,"href":"https:\/\/lindblad.ee\/et\/wp-json\/wp\/v2\/comments?post=19791"}],"version-history":[{"count":4,"href":"https:\/\/lindblad.ee\/et\/wp-json\/wp\/v2\/pages\/19791\/revisions"}],"predecessor-version":[{"id":19796,"href":"https:\/\/lindblad.ee\/et\/wp-json\/wp\/v2\/pages\/19791\/revisions\/19796"}],"wp:featuredmedia":[{"embeddable":true,"href":"https:\/\/lindblad.ee\/et\/wp-json\/wp\/v2\/media\/19614"}],"wp:attachment":[{"href":"https:\/\/lindblad.ee\/et\/wp-json\/wp\/v2\/media?parent=19791"}],"curies":[{"name":"wp","href":"https:\/\/api.w.org\/{rel}","templated":true}]}}