{"id":19751,"date":"2021-09-13T09:24:25","date_gmt":"2021-09-13T06:24:25","guid":{"rendered":"https:\/\/lindblad.ee\/?page_id=19751"},"modified":"2023-08-16T12:13:46","modified_gmt":"2023-08-16T09:13:46","slug":"kontaktid","status":"publish","type":"page","link":"https:\/\/lindblad.ee\/et\/kontaktid\/","title":{"rendered":"Kontaktid"},"content":{"rendered":"\t\t<div data-elementor-type=\"wp-page\" data-elementor-id=\"19751\" class=\"elementor elementor-19751 elementor-17342\">\n\t\t\t\t\t\t<section class=\"elementor-section elementor-top-section elementor-element elementor-element-6668aef6 elementor-section-boxed elementor-section-height-default elementor-section-height-default sc_fly_static\" data-id=\"6668aef6\" data-element_type=\"section\">\n\t\t\t\t\t\t<div class=\"elementor-container elementor-column-gap-no\">\n\t\t\t\t\t<div class=\"elementor-column elementor-col-100 elementor-top-column elementor-element elementor-element-560b1309 sc_inner_width_none sc_content_align_inherit sc_layouts_column_icons_position_left sc_fly_static\" data-id=\"560b1309\" data-element_type=\"column\">\n\t\t\t<div class=\"elementor-widget-wrap elementor-element-populated\">\n\t\t\t\t\t\t<div class=\"elementor-element elementor-element-35dff77a sc_height_huge sc_fly_static elementor-widget elementor-widget-spacer\" data-id=\"35dff77a\" data-element_type=\"widget\" data-widget_type=\"spacer.default\">\n\t\t\t\t<div class=\"elementor-widget-container\">\n\t\t\t\t\t<div class=\"elementor-spacer\">\n\t\t\t<div class=\"elementor-spacer-inner\"><\/div>\n\t\t<\/div>\n\t\t\t\t<\/div>\n\t\t\t\t<\/div>\n\t\t\t\t\t<\/div>\n\t\t<\/div>\n\t\t\t\t\t<\/div>\n\t\t<\/section>\n\t\t\t\t<section class=\"elementor-section elementor-inner-section elementor-element elementor-element-5649f98c elementor-section-boxed elementor-section-height-default elementor-section-height-default sc_fly_static\" data-id=\"5649f98c\" data-element_type=\"section\">\n\t\t\t\t\t\t<div class=\"elementor-container elementor-column-gap-no\">\n\t\t\t\t\t<div class=\"elementor-column elementor-col-50 elementor-inner-column elementor-element elementor-element-6cb61dcc sc_inner_width_none sc_content_align_inherit sc_layouts_column_icons_position_left sc_fly_static\" data-id=\"6cb61dcc\" data-element_type=\"column\">\n\t\t\t<div class=\"elementor-widget-wrap elementor-element-populated\">\n\t\t\t\t\t\t<div class=\"elementor-element elementor-element-4f781572 sc_fly_static elementor-widget elementor-widget-trx_sc_title\" data-id=\"4f781572\" data-element_type=\"widget\" data-widget_type=\"trx_sc_title.default\">\n\t\t\t\t<div class=\"elementor-widget-container\">\n\t\t\t<div\t\tclass=\"sc_title sc_title_default\" ><span class=\"sc_item_subtitle sc_title_subtitle sc_item_subtitle_above sc_item_title_style_default\">Kontaktid<\/span><h1 class=\"sc_item_title sc_title_title sc_item_title_style_default sc_item_title_tag\"\n\t\t\t><span class=\"sc_item_title_text\">V\u00f5tke meiega \u00fchendust<\/span><\/h1><div class=\"sc_item_descr sc_title_descr\"><p>Kas teil on k\u00fcsimusi, kas vajate abi v\u00f5i olete huvitatud koost\u00f6\u00f6st? V\u00f5ta meiega t\u00e4na \u00fchendust! Meie ekspertide meeskond on valmis pakkuma teile logistilisi lahendusi, mis on suunatud teie ettev\u00f5tte edule.<\/p>\n<\/div><\/div>\t\t<\/div>\n\t\t\t\t<\/div>\n\t\t\t\t<div class=\"elementor-element elementor-element-e32941d sc_fly_static elementor-widget elementor-widget-spacer\" data-id=\"e32941d\" data-element_type=\"widget\" data-widget_type=\"spacer.default\">\n\t\t\t\t<div class=\"elementor-widget-container\">\n\t\t\t\t\t<div class=\"elementor-spacer\">\n\t\t\t<div class=\"elementor-spacer-inner\"><\/div>\n\t\t<\/div>\n\t\t\t\t<\/div>\n\t\t\t\t<\/div>\n\t\t\t\t<div class=\"elementor-element elementor-element-70729123 sc_fly_static elementor-widget elementor-widget-trx_sc_icons\" data-id=\"70729123\" data-element_type=\"widget\" data-widget_type=\"trx_sc_icons.default\">\n\t\t\t\t<div class=\"elementor-widget-container\">\n\t\t\t<div \tclass=\"sc_icons sc_icons_simple sc_icons_size_small sc_align_none\" ><div class=\"sc_icons_item sc_icons_item_linked\"><div class=\"sc_icons_icon sc_icon_type_ icon-pin-1\" style=\"color: #2F39D3\" ><span class=\"sc_icon_type_ icon-pin-1\" style=\"color: #2F39D3\"><\/span><\/div><div class=\"sc_icons_item_details\"><div class=\"sc_icons_item_description\"><span>Suur-S\u00f5jam\u00e4e tn 35a, 11415 Tallinn, Estonia<\/span><\/div><a href=\"https:\/\/goo.gl\/maps\/VK9WfHsr2q8mCKki6\"\n                        class=\"sc_icons_item_link\">\n                        <\/a><\/div><\/div><div class=\"sc_icons_item sc_icons_item_linked with_more\"><div class=\"sc_icons_icon sc_icon_type_ icon-smartphone-1\" style=\"color: #2F39D3\" ><span class=\"sc_icon_type_ icon-smartphone-1\" style=\"color: #2F39D3\"><\/span><\/div><div class=\"sc_icons_item_details\"><a href=\"tel:+37256032432\" class=\"sc_icons_item_more_link\">\n                        <span class=\"link_text\">+372 5603 2432<\/span><span class=\"link_icon\"><\/span>\n                        <\/a><a href=\"tel:+37256032432\"\n                        class=\"sc_icons_item_link\">\n                        <\/a><\/div><\/div><div class=\"sc_icons_item\"><div class=\"sc_icons_icon sc_icon_type_ icon-email-3\" style=\"color: #2F39D3\" ><span class=\"sc_icon_type_ icon-email-3\" style=\"color: #2F39D3\"><\/span><\/div><div class=\"sc_icons_item_details\"><div class=\"sc_icons_item_description\"><span><a href=\"mailto:info@lindblad.ee\">info@lindblad.ee<\/a><\/span><\/div><\/div><\/div><\/div><!-- \/.sc_icons -->\t\t<\/div>\n\t\t\t\t<\/div>\n\t\t\t\t\t<\/div>\n\t\t<\/div>\n\t\t\t\t<div class=\"elementor-column elementor-col-50 elementor-inner-column elementor-element elementor-element-3490f0b9 sc_inner_width_none sc_content_align_inherit sc_layouts_column_icons_position_left sc_fly_static\" data-id=\"3490f0b9\" data-element_type=\"column\">\n\t\t\t<div class=\"elementor-widget-wrap elementor-element-populated\">\n\t\t\t\t\t\t<div class=\"elementor-element elementor-element-1c2468ba sc_fly_static elementor-widget elementor-widget-spacer\" data-id=\"1c2468ba\" data-element_type=\"widget\" data-widget_type=\"spacer.default\">\n\t\t\t\t<div class=\"elementor-widget-container\">\n\t\t\t\t\t<div class=\"elementor-spacer\">\n\t\t\t<div class=\"elementor-spacer-inner\"><\/div>\n\t\t<\/div>\n\t\t\t\t<\/div>\n\t\t\t\t<\/div>\n\t\t\t\t<div class=\"elementor-element elementor-element-23e483a9 sc_fly_static elementor-widget elementor-widget-trx_sc_contact_form_7\" data-id=\"23e483a9\" data-element_type=\"widget\" data-widget_type=\"trx_sc_contact_form_7.default\">\n\t\t\t\t<div class=\"elementor-widget-container\">\n\t\t\t\n<div class=\"wpcf7 no-js\" id=\"wpcf7-f19886-o1\" lang=\"et\" dir=\"ltr\">\n<div class=\"screen-reader-response\"><p role=\"status\" aria-live=\"polite\" aria-atomic=\"true\"><\/p> <ul><\/ul><\/div>\n<form action=\"\/et\/wp-json\/wp\/v2\/pages\/19751#wpcf7-f19886-o1\" method=\"post\" class=\"wpcf7-form init\" aria-label=\"Contact form\" novalidate=\"novalidate\" data-status=\"init\">\n<div style=\"display: none;\">\n<input type=\"hidden\" name=\"_wpcf7\" value=\"19886\" \/>\n<input type=\"hidden\" name=\"_wpcf7_version\" value=\"5.9.8\" \/>\n<input type=\"hidden\" name=\"_wpcf7_locale\" value=\"et\" \/>\n<input type=\"hidden\" name=\"_wpcf7_unit_tag\" value=\"wpcf7-f19886-o1\" \/>\n<input type=\"hidden\" name=\"_wpcf7_container_post\" value=\"0\" \/>\n<input type=\"hidden\" name=\"_wpcf7_posted_data_hash\" value=\"\" \/>\n<input type=\"hidden\" name=\"_wpcf7_recaptcha_response\" value=\"\" \/>\n<\/div>\n<div class=\"form-style-7\">\n\t<div class=\"columns_wrap\">\n\t\t<div class=\"column-1_2\">\n\t\t\t<p><span class=\"style-line\"><span class=\"wpcf7-form-control-wrap\" data-name=\"your-name\"><input size=\"40\" maxlength=\"400\" class=\"wpcf7-form-control wpcf7-text wpcf7-validates-as-required\" aria-required=\"true\" aria-invalid=\"false\" placeholder=\"Nimi\" value=\"\" type=\"text\" name=\"your-name\" \/><\/span><\/span>\n\t\t\t<\/p>\n\t\t<\/div>\n\t\t<div class=\"column-1_2\">\n\t\t\t<p><span class=\"style-line\"><span class=\"wpcf7-form-control-wrap\" data-name=\"your-email\"><input size=\"40\" maxlength=\"400\" class=\"wpcf7-form-control wpcf7-email wpcf7-validates-as-required wpcf7-text wpcf7-validates-as-email\" aria-required=\"true\" aria-invalid=\"false\" placeholder=\"E-post\" value=\"\" type=\"email\" name=\"your-email\" \/><\/span><\/span>\n\t\t\t<\/p>\n\t\t<\/div>\n\t<\/div>\n\t<div class=\"columns_wrap\">\n\t\t<div class=\"column-1_2\">\n\t\t\t<p><span class=\"style-line\"><span class=\"wpcf7-form-control-wrap\" data-name=\"phone\"><input size=\"40\" maxlength=\"400\" class=\"wpcf7-form-control wpcf7-tel wpcf7-validates-as-required wpcf7-text wpcf7-validates-as-tel\" aria-required=\"true\" aria-invalid=\"false\" placeholder=\"Telefon\" value=\"\" type=\"tel\" name=\"phone\" \/><\/span><\/span>\n\t\t\t<\/p>\n\t\t<\/div>\n\t\t<div class=\"column-1_2\">\n\t\t\t<p><span class=\"style-line\"><span class=\"wpcf7-form-control-wrap\" data-name=\"subject\"><input size=\"40\" maxlength=\"400\" class=\"wpcf7-form-control wpcf7-text wpcf7-validates-as-required\" aria-required=\"true\" aria-invalid=\"false\" placeholder=\"Teema\" value=\"\" type=\"text\" name=\"subject\" \/><\/span><\/span>\n\t\t\t<\/p>\n\t\t<\/div>\n\t<\/div>\n\t<div class=\"columns_wrap margin-bottom\">\n\t\t<div class=\"column-1_1\">\n\t\t\t<p><span class=\"style-line\"><span class=\"wpcf7-form-control-wrap\" data-name=\"your-message\"><textarea cols=\"40\" rows=\"10\" maxlength=\"2000\" class=\"wpcf7-form-control wpcf7-textarea wpcf7-validates-as-required\" aria-required=\"true\" aria-invalid=\"false\" placeholder=\"Kuidas saame teid aidata?\" name=\"your-message\"><\/textarea><\/span><\/span>\n\t\t\t<\/p>\n\t\t<\/div>\n\t<\/div>\n\t<div class=\"columns_wrap\">\n\t\t<div class=\"column-1_2 left-politik\">\n\t\t\t<p><input class=\"wpcf7-form-control wpcf7-submit has-spinner\" type=\"submit\" value=\"Saada\" \/>\n\t\t\t<\/p>\n\t\t<\/div>\n\t\t<div class=\"column-1_2 right-politik\">\n\t\t\t<p><span class=\"wpcf7-form-control-wrap\" data-name=\"acceptance\"><span class=\"wpcf7-form-control wpcf7-acceptance\"><span class=\"wpcf7-list-item\"><label><input type=\"checkbox\" name=\"acceptance\" value=\"1\" aria-invalid=\"false\" \/><span class=\"wpcf7-list-item-label\">N\u00f5ustun <a href=\"https:\/\/lindblad.ee\/et\/privaatsuspoliitika\/\">privaatsuspoliitikaga<\/a>.<\/span><\/label><\/span><\/span><\/span>\n\t\t\t<\/p>\n\t\t<\/div>\n\t<\/div>\n<\/div><p style=\"display: none !important;\" class=\"akismet-fields-container\" data-prefix=\"_wpcf7_ak_\"><label>&#916;<textarea name=\"_wpcf7_ak_hp_textarea\" cols=\"45\" rows=\"8\" maxlength=\"100\"><\/textarea><\/label><input type=\"hidden\" id=\"ak_js_1\" name=\"_wpcf7_ak_js\" value=\"158\"\/><script>document.getElementById( \"ak_js_1\" ).setAttribute( \"value\", ( new Date() ).getTime() );<\/script><\/p><div class=\"wpcf7-response-output\" aria-hidden=\"true\"><\/div>\n<\/form>\n<\/div>\n\t\t<\/div>\n\t\t\t\t<\/div>\n\t\t\t\t\t<\/div>\n\t\t<\/div>\n\t\t\t\t\t<\/div>\n\t\t<\/section>\n\t\t\t\t<section class=\"elementor-section elementor-top-section elementor-element elementor-element-8cb6a51 elementor-section-full_width elementor-section-height-default elementor-section-height-default sc_fly_static\" data-id=\"8cb6a51\" data-element_type=\"section\">\n\t\t\t\t\t\t<div class=\"elementor-container elementor-column-gap-no\">\n\t\t\t\t\t<div class=\"elementor-column elementor-col-100 elementor-top-column elementor-element elementor-element-362cf0da sc_inner_width_none sc_content_align_inherit sc_layouts_column_icons_position_left sc_fly_static\" data-id=\"362cf0da\" data-element_type=\"column\">\n\t\t\t<div class=\"elementor-widget-wrap elementor-element-populated\">\n\t\t\t\t\t\t<div class=\"elementor-element elementor-element-59caca6 sc_height_huge sc_fly_static elementor-widget elementor-widget-spacer\" data-id=\"59caca6\" data-element_type=\"widget\" data-widget_type=\"spacer.default\">\n\t\t\t\t<div class=\"elementor-widget-container\">\n\t\t\t\t\t<div class=\"elementor-spacer\">\n\t\t\t<div class=\"elementor-spacer-inner\"><\/div>\n\t\t<\/div>\n\t\t\t\t<\/div>\n\t\t\t\t<\/div>\n\t\t\t\t<div class=\"elementor-element elementor-element-6c4b483 sc_fly_static elementor-widget elementor-widget-trx_sc_googlemap\" data-id=\"6c4b483\" data-element_type=\"widget\" data-widget_type=\"trx_sc_googlemap.default\">\n\t\t\t\t<div class=\"elementor-widget-container\">\n\t\t\t<div id=\"sc_googlemap_1187926352_wrap\" class=\"sc_googlemap_wrap\"><div id=\"sc_googlemap_1187926352\"\t\t\tclass=\"sc_item_content sc_map sc_googlemap sc_googlemap_default trx_addons_inline_1904653705\"\n\t\t\t \t\t\tdata-zoom=\"16\"\n\t\t\tdata-center=\"\"\n\t\t\tdata-style=\"extra\"\n\t\t\tdata-cluster-icon=\"\"\n\t\t\t><iframe\n\t\t\t\t\t\tsrc=\"https:\/\/maps.google.com\/maps?t=m&output=embed&iwloc=near&z=16&q=Suur-Sojam%C3%A4e+tn+35a%2C+11415+Tallinn%2C+Estonia\"\n\t\t\t\t\t\taria-label=\"\"><\/iframe><\/div><\/div>\t\t<\/div>\n\t\t\t\t<\/div>\n\t\t\t\t\t<\/div>\n\t\t<\/div>\n\t\t\t\t\t<\/div>\n\t\t<\/section>\n\t\t\t\t<\/div>\n\t\t","protected":false},"excerpt":{"rendered":"<p>Kontaktid V\u00f5tke meiega \u00fchendust Kas teil on k\u00fcsimusi, kas vajate abi v\u00f5i olete huvitatud koost\u00f6\u00f6st? V\u00f5ta meiega t\u00e4na \u00fchendust! Meie ekspertide meeskond on valmis pakkuma teile logistilisi lahendusi, mis on&hellip;<\/p>\n","protected":false},"author":2,"featured_media":19608,"parent":0,"menu_order":0,"comment_status":"closed","ping_status":"closed","template":"","meta":{"footnotes":""},"class_list":["post-19751","page","type-page","status-publish","has-post-thumbnail","hentry"],"yoast_head":"<!-- This site is optimized with the Yoast SEO plugin v21.1 - https:\/\/yoast.com\/wordpress\/plugins\/seo\/ -->\n<title>Kontaktid - Lindblad<\/title>\n<meta name=\"robots\" content=\"index, follow, max-snippet:-1, max-image-preview:large, max-video-preview:-1\" \/>\n<link rel=\"canonical\" href=\"https:\/\/lindblad.ee\/et\/kontaktid\/\" \/>\n<meta property=\"og:locale\" content=\"et_EE\" \/>\n<meta property=\"og:type\" content=\"article\" \/>\n<meta property=\"og:title\" content=\"Kontaktid - Lindblad\" \/>\n<meta property=\"og:description\" content=\"Kontaktid V\u00f5tke meiega \u00fchendust Kas teil on k\u00fcsimusi, kas vajate abi v\u00f5i olete huvitatud koost\u00f6\u00f6st? V\u00f5ta meiega t\u00e4na \u00fchendust! Meie ekspertide meeskond on valmis pakkuma teile logistilisi lahendusi, mis on&hellip;\" \/>\n<meta property=\"og:url\" content=\"https:\/\/lindblad.ee\/et\/kontaktid\/\" \/>\n<meta property=\"og:site_name\" content=\"Lindblad\" \/>\n<meta property=\"article:modified_time\" content=\"2023-08-16T09:13:46+00:00\" \/>\n<meta property=\"og:image\" content=\"https:\/\/lindblad.ee\/wp-content\/uploads\/2023\/08\/zapros-ceni.jpg\" \/>\n\t<meta property=\"og:image:width\" content=\"700\" \/>\n\t<meta property=\"og:image:height\" content=\"520\" \/>\n\t<meta property=\"og:image:type\" content=\"image\/jpeg\" \/>\n<meta name=\"twitter:card\" content=\"summary_large_image\" \/>\n<meta name=\"twitter:label1\" content=\"Est. reading time\" \/>\n\t<meta name=\"twitter:data1\" content=\"1 minut\" \/>\n<script type=\"application\/ld+json\" class=\"yoast-schema-graph\">{\"@context\":\"https:\/\/schema.org\",\"@graph\":[{\"@type\":\"WebPage\",\"@id\":\"https:\/\/lindblad.ee\/et\/kontaktid\/\",\"url\":\"https:\/\/lindblad.ee\/et\/kontaktid\/\",\"name\":\"Kontaktid - Lindblad\",\"isPartOf\":{\"@id\":\"https:\/\/lindblad.ee\/et\/#website\"},\"datePublished\":\"2021-09-13T06:24:25+00:00\",\"dateModified\":\"2023-08-16T09:13:46+00:00\",\"breadcrumb\":{\"@id\":\"https:\/\/lindblad.ee\/et\/kontaktid\/#breadcrumb\"},\"inLanguage\":\"et\",\"potentialAction\":[{\"@type\":\"ReadAction\",\"target\":[\"https:\/\/lindblad.ee\/et\/kontaktid\/\"]}]},{\"@type\":\"BreadcrumbList\",\"@id\":\"https:\/\/lindblad.ee\/et\/kontaktid\/#breadcrumb\",\"itemListElement\":[{\"@type\":\"ListItem\",\"position\":1,\"name\":\"\u0413\u043b\u0430\u0432\u043d\u0430\u044f \u0441\u0442\u0440\u0430\u043d\u0438\u0446\u0430\",\"item\":\"https:\/\/lindblad.ee\/et\/\"},{\"@type\":\"ListItem\",\"position\":2,\"name\":\"Kontaktid\"}]},{\"@type\":\"WebSite\",\"@id\":\"https:\/\/lindblad.ee\/et\/#website\",\"url\":\"https:\/\/lindblad.ee\/et\/\",\"name\":\"Lindblad\",\"description\":\"Ekspert transpordi valdkonnas\",\"publisher\":{\"@id\":\"https:\/\/lindblad.ee\/et\/#organization\"},\"potentialAction\":[{\"@type\":\"SearchAction\",\"target\":{\"@type\":\"EntryPoint\",\"urlTemplate\":\"https:\/\/lindblad.ee\/et\/?s={search_term_string}\"},\"query-input\":\"required name=search_term_string\"}],\"inLanguage\":\"et\"},{\"@type\":\"Organization\",\"@id\":\"https:\/\/lindblad.ee\/et\/#organization\",\"name\":\"Lindblad\",\"url\":\"https:\/\/lindblad.ee\/et\/\",\"logo\":{\"@type\":\"ImageObject\",\"inLanguage\":\"et\",\"@id\":\"https:\/\/lindblad.ee\/et\/#\/schema\/logo\/image\/\",\"url\":\"https:\/\/lindblad.ee\/wp-content\/uploads\/2023\/07\/logo-dark.svg\",\"contentUrl\":\"https:\/\/lindblad.ee\/wp-content\/uploads\/2023\/07\/logo-dark.svg\",\"width\":430,\"height\":78,\"caption\":\"Lindblad\"},\"image\":{\"@id\":\"https:\/\/lindblad.ee\/et\/#\/schema\/logo\/image\/\"}}]}<\/script>\n<!-- \/ Yoast SEO plugin. -->","yoast_head_json":{"title":"Kontaktid - Lindblad","robots":{"index":"index","follow":"follow","max-snippet":"max-snippet:-1","max-image-preview":"max-image-preview:large","max-video-preview":"max-video-preview:-1"},"canonical":"https:\/\/lindblad.ee\/et\/kontaktid\/","og_locale":"et_EE","og_type":"article","og_title":"Kontaktid - Lindblad","og_description":"Kontaktid V\u00f5tke meiega \u00fchendust Kas teil on k\u00fcsimusi, kas vajate abi v\u00f5i olete huvitatud koost\u00f6\u00f6st? V\u00f5ta meiega t\u00e4na \u00fchendust! Meie ekspertide meeskond on valmis pakkuma teile logistilisi lahendusi, mis on&hellip;","og_url":"https:\/\/lindblad.ee\/et\/kontaktid\/","og_site_name":"Lindblad","article_modified_time":"2023-08-16T09:13:46+00:00","og_image":[{"width":700,"height":520,"url":"https:\/\/lindblad.ee\/wp-content\/uploads\/2023\/08\/zapros-ceni.jpg","type":"image\/jpeg"}],"twitter_card":"summary_large_image","twitter_misc":{"Est. reading time":"1 minut"},"schema":{"@context":"https:\/\/schema.org","@graph":[{"@type":"WebPage","@id":"https:\/\/lindblad.ee\/et\/kontaktid\/","url":"https:\/\/lindblad.ee\/et\/kontaktid\/","name":"Kontaktid - Lindblad","isPartOf":{"@id":"https:\/\/lindblad.ee\/et\/#website"},"datePublished":"2021-09-13T06:24:25+00:00","dateModified":"2023-08-16T09:13:46+00:00","breadcrumb":{"@id":"https:\/\/lindblad.ee\/et\/kontaktid\/#breadcrumb"},"inLanguage":"et","potentialAction":[{"@type":"ReadAction","target":["https:\/\/lindblad.ee\/et\/kontaktid\/"]}]},{"@type":"BreadcrumbList","@id":"https:\/\/lindblad.ee\/et\/kontaktid\/#breadcrumb","itemListElement":[{"@type":"ListItem","position":1,"name":"\u0413\u043b\u0430\u0432\u043d\u0430\u044f \u0441\u0442\u0440\u0430\u043d\u0438\u0446\u0430","item":"https:\/\/lindblad.ee\/et\/"},{"@type":"ListItem","position":2,"name":"Kontaktid"}]},{"@type":"WebSite","@id":"https:\/\/lindblad.ee\/et\/#website","url":"https:\/\/lindblad.ee\/et\/","name":"Lindblad","description":"Ekspert transpordi valdkonnas","publisher":{"@id":"https:\/\/lindblad.ee\/et\/#organization"},"potentialAction":[{"@type":"SearchAction","target":{"@type":"EntryPoint","urlTemplate":"https:\/\/lindblad.ee\/et\/?s={search_term_string}"},"query-input":"required name=search_term_string"}],"inLanguage":"et"},{"@type":"Organization","@id":"https:\/\/lindblad.ee\/et\/#organization","name":"Lindblad","url":"https:\/\/lindblad.ee\/et\/","logo":{"@type":"ImageObject","inLanguage":"et","@id":"https:\/\/lindblad.ee\/et\/#\/schema\/logo\/image\/","url":"https:\/\/lindblad.ee\/wp-content\/uploads\/2023\/07\/logo-dark.svg","contentUrl":"https:\/\/lindblad.ee\/wp-content\/uploads\/2023\/07\/logo-dark.svg","width":430,"height":78,"caption":"Lindblad"},"image":{"@id":"https:\/\/lindblad.ee\/et\/#\/schema\/logo\/image\/"}}]}},"_links":{"self":[{"href":"https:\/\/lindblad.ee\/et\/wp-json\/wp\/v2\/pages\/19751"}],"collection":[{"href":"https:\/\/lindblad.ee\/et\/wp-json\/wp\/v2\/pages"}],"about":[{"href":"https:\/\/lindblad.ee\/et\/wp-json\/wp\/v2\/types\/page"}],"author":[{"embeddable":true,"href":"https:\/\/lindblad.ee\/et\/wp-json\/wp\/v2\/users\/2"}],"replies":[{"embeddable":true,"href":"https:\/\/lindblad.ee\/et\/wp-json\/wp\/v2\/comments?post=19751"}],"version-history":[{"count":13,"href":"https:\/\/lindblad.ee\/et\/wp-json\/wp\/v2\/pages\/19751\/revisions"}],"predecessor-version":[{"id":20114,"href":"https:\/\/lindblad.ee\/et\/wp-json\/wp\/v2\/pages\/19751\/revisions\/20114"}],"wp:featuredmedia":[{"embeddable":true,"href":"https:\/\/lindblad.ee\/et\/wp-json\/wp\/v2\/media\/19608"}],"wp:attachment":[{"href":"https:\/\/lindblad.ee\/et\/wp-json\/wp\/v2\/media?parent=19751"}],"curies":[{"name":"wp","href":"https:\/\/api.w.org\/{rel}","templated":true}]}}